{"id":4656,"date":"2025-03-12T10:03:16","date_gmt":"2025-03-12T10:03:16","guid":{"rendered":"https:\/\/newwww.paprika-software.com\/?page_id=4656"},"modified":"2025-03-12T10:18:04","modified_gmt":"2025-03-12T10:18:04","slug":"factura-electronica","status":"publish","type":"page","link":"https:\/\/newwww.paprika-software.com\/es\/factura-electronica\/","title":{"rendered":"Factura Electro\u0301nica"},"content":{"rendered":"\n<p>En Paprika, nos adaptamos a las <strong>nuevas normativas en materia de facturaci\u00f3n<\/strong> para que todos nuestros clientes puedan cumplir con la nueva<strong> Ley Crea y Crece<\/strong> que incluye la Factura Electr\u00f3nica y nueva <strong>Ley Antifraude<\/strong>, que incluye Veri*factu entre otras \u00e1reas.<\/p>\n\n\n\n<figure class=\"wp-block-image aligncenter\"><img decoding=\"async\" src=\"https:\/\/lh7-qw.googleusercontent.com\/docsz\/AD_4nXdY_eDqwKuFhr2PXxpzQBgYuwj7NC0WgEKHUAyVCI7uAAAZ_kWD8ufdNYR-KhQa-x5hyNpD62iE701Us8Qz1yNfFHTKk6U5W4fq3GhOw-5lrqVBfVGU-NHx6eHDznacZ_TVst6bl-JvXabPzZAqINw?key=6fUVmUM2pprMY6mTb0vHqobt\" alt=\"\"\/><\/figure>\n\n\n\n<ol class=\"wp-block-list\">\n<li><strong>Ley Crea y Crece<\/strong><\/li>\n<\/ol>\n\n\n\n<div style=\"height:42px\" aria-hidden=\"true\" class=\"wp-block-spacer\"><\/div>\n\n\n\n<ul class=\"wp-block-list\">\n<li><strong>Nos obliga a expedir, remitir y recibir facturas electr\u00f3nicas <\/strong>a todas las empresas y aut\u00f3nomos en sus relaciones comerciales con empresarios y profesionales.<\/li>\n\n\n\n<li>Su objetivo es facilitar la <strong>transparencia<\/strong> sobre los plazos de pago y cortar de manera eficaz la <strong>morosidad <\/strong>en las operaciones comerciales.<\/li>\n\n\n\n<li>Las facturas deber\u00e1n ser en formato estructurado (UBL, CII, Facturae, EDIFACT).<\/li>\n\n\n\n<li>Todas las plataformas deber\u00e1n garantizar su interconexi\u00f3n e interoperabilidad gratuitas.<\/li>\n<\/ul>\n\n\n\n<div style=\"height:42px\" aria-hidden=\"true\" class=\"wp-block-spacer\"><\/div>\n\n\n\n<ol start=\"2\" class=\"wp-block-list\">\n<li><strong>Ley Antifraude<\/strong><\/li>\n<\/ol>\n\n\n\n<div style=\"height:42px\" aria-hidden=\"true\" class=\"wp-block-spacer\"><\/div>\n\n\n\n<ul class=\"wp-block-list\">\n<li>Es una&nbsp;soluci\u00f3n tecnol\u00f3gica que busca <strong>prevenir el fraude fiscal<\/strong>. Est\u00e1 dise\u00f1ada para detectar y prevenir actividades fraudulentas, especialmente en transacciones electr\u00f3nicas y plataformas de comercio digital.<\/li>\n\n\n\n<li><strong>Incluye el Reglamento Veri*Factu<\/strong>, que es una normativa derivada de la Ley Antifraude para regular los requisitos que han de cumplir los softwares de facturaci\u00f3n.<\/li>\n\n\n\n<li>Empresas y aut\u00f3nomos deben usar un software que asegure integridad, conservaci\u00f3n, legibilidad y trazabilidad de los registros de facturaci\u00f3n.<\/li>\n<\/ul>\n","protected":false},"excerpt":{"rendered":"<p>En Paprika, nos adaptamos a las nuevas normativas en materia de facturaci\u00f3n para que todos nuestros clientes puedan cumplir con la nueva Ley Crea y Crece que incluye la Factura Electr\u00f3nica y nueva Ley Antifraude, que incluye Veri*factu entre otras \u00e1reas.<\/p>\n","protected":false},"author":2,"featured_media":0,"parent":0,"menu_order":0,"comment_status":"closed","ping_status":"closed","template":"","meta":{"_acf_changed":false,"footnotes":""},"class_list":["post-4656","page","type-page","status-publish","hentry"],"acf":[],"yoast_head":"<!-- This site is optimized with the Yoast SEO plugin v27.5 - https:\/\/yoast.com\/product\/yoast-seo-wordpress\/ -->\n<title>Factura Electro\u0301nica - Paprika Software<\/title>\n<meta name=\"description\" content=\"En Paprika, nos adaptamos a las nuevas normativas en materia de facturaci\u00f3n: descubre m\u00e1s!\" \/>\n<meta name=\"robots\" content=\"index, follow, max-snippet:-1, max-image-preview:large, max-video-preview:-1\" \/>\n<link rel=\"canonical\" href=\"https:\/\/newwww.paprika-software.com\/es\/factura-electronica\/\" \/>\n<meta property=\"og:locale\" content=\"es_ES\" \/>\n<meta property=\"og:type\" content=\"article\" \/>\n<meta property=\"og:title\" content=\"Factura Electro\u0301nica - Paprika Software\" \/>\n<meta property=\"og:description\" content=\"En Paprika, nos adaptamos a las nuevas normativas en materia de facturaci\u00f3n: descubre m\u00e1s!\" \/>\n<meta property=\"og:url\" content=\"https:\/\/newwww.paprika-software.com\/es\/factura-electronica\/\" \/>\n<meta property=\"og:site_name\" content=\"Paprika Software\" \/>\n<meta property=\"article:modified_time\" content=\"2025-03-12T10:18:04+00:00\" \/>\n<meta property=\"og:image\" content=\"https:\/\/lh7-qw.googleusercontent.com\/docsz\/AD_4nXdY_eDqwKuFhr2PXxpzQBgYuwj7NC0WgEKHUAyVCI7uAAAZ_kWD8ufdNYR-KhQa-x5hyNpD62iE701Us8Qz1yNfFHTKk6U5W4fq3GhOw-5lrqVBfVGU-NHx6eHDznacZ_TVst6bl-JvXabPzZAqINw?key=6fUVmUM2pprMY6mTb0vHqobt\" \/>\n<meta name=\"twitter:card\" content=\"summary_large_image\" \/>\n<meta name=\"twitter:site\" content=\"@PaprikaSoftware\" \/>\n<meta name=\"twitter:label1\" content=\"Tiempo de lectura\" \/>\n\t<meta name=\"twitter:data1\" content=\"2 minutos\" \/>\n<script type=\"application\/ld+json\" class=\"yoast-schema-graph\">{\"@context\":\"https:\\\/\\\/schema.org\",\"@graph\":[{\"@type\":\"WebPage\",\"@id\":\"https:\\\/\\\/newwww.paprika-software.com\\\/es\\\/factura-electronica\\\/\",\"url\":\"https:\\\/\\\/newwww.paprika-software.com\\\/es\\\/factura-electronica\\\/\",\"name\":\"Factura Electro\u0301nica - Paprika Software\",\"isPartOf\":{\"@id\":\"https:\\\/\\\/newwww.paprika-software.com\\\/es\\\/#website\"},\"primaryImageOfPage\":{\"@id\":\"https:\\\/\\\/newwww.paprika-software.com\\\/es\\\/factura-electronica\\\/#primaryimage\"},\"image\":{\"@id\":\"https:\\\/\\\/newwww.paprika-software.com\\\/es\\\/factura-electronica\\\/#primaryimage\"},\"thumbnailUrl\":\"https:\\\/\\\/lh7-qw.googleusercontent.com\\\/docsz\\\/AD_4nXdY_eDqwKuFhr2PXxpzQBgYuwj7NC0WgEKHUAyVCI7uAAAZ_kWD8ufdNYR-KhQa-x5hyNpD62iE701Us8Qz1yNfFHTKk6U5W4fq3GhOw-5lrqVBfVGU-NHx6eHDznacZ_TVst6bl-JvXabPzZAqINw?key=6fUVmUM2pprMY6mTb0vHqobt\",\"datePublished\":\"2025-03-12T10:03:16+00:00\",\"dateModified\":\"2025-03-12T10:18:04+00:00\",\"description\":\"En Paprika, nos adaptamos a las nuevas normativas en materia de facturaci\u00f3n: descubre m\u00e1s!\",\"breadcrumb\":{\"@id\":\"https:\\\/\\\/newwww.paprika-software.com\\\/es\\\/factura-electronica\\\/#breadcrumb\"},\"inLanguage\":\"es\",\"potentialAction\":[{\"@type\":\"ReadAction\",\"target\":[\"https:\\\/\\\/newwww.paprika-software.com\\\/es\\\/factura-electronica\\\/\"]}]},{\"@type\":\"ImageObject\",\"inLanguage\":\"es\",\"@id\":\"https:\\\/\\\/newwww.paprika-software.com\\\/es\\\/factura-electronica\\\/#primaryimage\",\"url\":\"https:\\\/\\\/lh7-qw.googleusercontent.com\\\/docsz\\\/AD_4nXdY_eDqwKuFhr2PXxpzQBgYuwj7NC0WgEKHUAyVCI7uAAAZ_kWD8ufdNYR-KhQa-x5hyNpD62iE701Us8Qz1yNfFHTKk6U5W4fq3GhOw-5lrqVBfVGU-NHx6eHDznacZ_TVst6bl-JvXabPzZAqINw?key=6fUVmUM2pprMY6mTb0vHqobt\",\"contentUrl\":\"https:\\\/\\\/lh7-qw.googleusercontent.com\\\/docsz\\\/AD_4nXdY_eDqwKuFhr2PXxpzQBgYuwj7NC0WgEKHUAyVCI7uAAAZ_kWD8ufdNYR-KhQa-x5hyNpD62iE701Us8Qz1yNfFHTKk6U5W4fq3GhOw-5lrqVBfVGU-NHx6eHDznacZ_TVst6bl-JvXabPzZAqINw?key=6fUVmUM2pprMY6mTb0vHqobt\"},{\"@type\":\"BreadcrumbList\",\"@id\":\"https:\\\/\\\/newwww.paprika-software.com\\\/es\\\/factura-electronica\\\/#breadcrumb\",\"itemListElement\":[{\"@type\":\"ListItem\",\"position\":1,\"name\":\"Home\",\"item\":\"https:\\\/\\\/newwww.paprika-software.com\\\/es\\\/\"},{\"@type\":\"ListItem\",\"position\":2,\"name\":\"Factura Electro\u0301nica\"}]},{\"@type\":\"WebSite\",\"@id\":\"https:\\\/\\\/newwww.paprika-software.com\\\/es\\\/#website\",\"url\":\"https:\\\/\\\/newwww.paprika-software.com\\\/es\\\/\",\"name\":\"Paprika\",\"description\":\"\",\"publisher\":{\"@id\":\"https:\\\/\\\/newwww.paprika-software.com\\\/es\\\/#organization\"},\"potentialAction\":[{\"@type\":\"SearchAction\",\"target\":{\"@type\":\"EntryPoint\",\"urlTemplate\":\"https:\\\/\\\/newwww.paprika-software.com\\\/es\\\/?s={search_term_string}\"},\"query-input\":{\"@type\":\"PropertyValueSpecification\",\"valueRequired\":true,\"valueName\":\"search_term_string\"}}],\"inLanguage\":\"es\"},{\"@type\":\"Organization\",\"@id\":\"https:\\\/\\\/newwww.paprika-software.com\\\/es\\\/#organization\",\"name\":\"Paprika\",\"url\":\"https:\\\/\\\/newwww.paprika-software.com\\\/es\\\/\",\"logo\":{\"@type\":\"ImageObject\",\"inLanguage\":\"es\",\"@id\":\"https:\\\/\\\/newwww.paprika-software.com\\\/es\\\/#\\\/schema\\\/logo\\\/image\\\/\",\"url\":\"https:\\\/\\\/newwww.paprika-software.com\\\/wp-content\\\/uploads\\\/2024\\\/11\\\/logo.svg\",\"contentUrl\":\"https:\\\/\\\/newwww.paprika-software.com\\\/wp-content\\\/uploads\\\/2024\\\/11\\\/logo.svg\",\"width\":149,\"height\":33,\"caption\":\"Paprika\"},\"image\":{\"@id\":\"https:\\\/\\\/newwww.paprika-software.com\\\/es\\\/#\\\/schema\\\/logo\\\/image\\\/\"},\"sameAs\":[\"https:\\\/\\\/x.com\\\/PaprikaSoftware\",\"https:\\\/\\\/www.linkedin.com\\\/company\\\/paprika-software\\\/\"]}]}<\/script>\n<!-- \/ Yoast SEO plugin. -->","yoast_head_json":{"title":"Factura Electro\u0301nica - Paprika Software","description":"En Paprika, nos adaptamos a las nuevas normativas en materia de facturaci\u00f3n: descubre m\u00e1s!","robots":{"index":"index","follow":"follow","max-snippet":"max-snippet:-1","max-image-preview":"max-image-preview:large","max-video-preview":"max-video-preview:-1"},"canonical":"https:\/\/newwww.paprika-software.com\/es\/factura-electronica\/","og_locale":"es_ES","og_type":"article","og_title":"Factura Electro\u0301nica - Paprika Software","og_description":"En Paprika, nos adaptamos a las nuevas normativas en materia de facturaci\u00f3n: descubre m\u00e1s!","og_url":"https:\/\/newwww.paprika-software.com\/es\/factura-electronica\/","og_site_name":"Paprika Software","article_modified_time":"2025-03-12T10:18:04+00:00","og_image":[{"url":"https:\/\/lh7-qw.googleusercontent.com\/docsz\/AD_4nXdY_eDqwKuFhr2PXxpzQBgYuwj7NC0WgEKHUAyVCI7uAAAZ_kWD8ufdNYR-KhQa-x5hyNpD62iE701Us8Qz1yNfFHTKk6U5W4fq3GhOw-5lrqVBfVGU-NHx6eHDznacZ_TVst6bl-JvXabPzZAqINw?key=6fUVmUM2pprMY6mTb0vHqobt","type":"","width":"","height":""}],"twitter_card":"summary_large_image","twitter_site":"@PaprikaSoftware","twitter_misc":{"Tiempo de lectura":"2 minutos"},"schema":{"@context":"https:\/\/schema.org","@graph":[{"@type":"WebPage","@id":"https:\/\/newwww.paprika-software.com\/es\/factura-electronica\/","url":"https:\/\/newwww.paprika-software.com\/es\/factura-electronica\/","name":"Factura Electro\u0301nica - Paprika Software","isPartOf":{"@id":"https:\/\/newwww.paprika-software.com\/es\/#website"},"primaryImageOfPage":{"@id":"https:\/\/newwww.paprika-software.com\/es\/factura-electronica\/#primaryimage"},"image":{"@id":"https:\/\/newwww.paprika-software.com\/es\/factura-electronica\/#primaryimage"},"thumbnailUrl":"https:\/\/lh7-qw.googleusercontent.com\/docsz\/AD_4nXdY_eDqwKuFhr2PXxpzQBgYuwj7NC0WgEKHUAyVCI7uAAAZ_kWD8ufdNYR-KhQa-x5hyNpD62iE701Us8Qz1yNfFHTKk6U5W4fq3GhOw-5lrqVBfVGU-NHx6eHDznacZ_TVst6bl-JvXabPzZAqINw?key=6fUVmUM2pprMY6mTb0vHqobt","datePublished":"2025-03-12T10:03:16+00:00","dateModified":"2025-03-12T10:18:04+00:00","description":"En Paprika, nos adaptamos a las nuevas normativas en materia de facturaci\u00f3n: descubre m\u00e1s!","breadcrumb":{"@id":"https:\/\/newwww.paprika-software.com\/es\/factura-electronica\/#breadcrumb"},"inLanguage":"es","potentialAction":[{"@type":"ReadAction","target":["https:\/\/newwww.paprika-software.com\/es\/factura-electronica\/"]}]},{"@type":"ImageObject","inLanguage":"es","@id":"https:\/\/newwww.paprika-software.com\/es\/factura-electronica\/#primaryimage","url":"https:\/\/lh7-qw.googleusercontent.com\/docsz\/AD_4nXdY_eDqwKuFhr2PXxpzQBgYuwj7NC0WgEKHUAyVCI7uAAAZ_kWD8ufdNYR-KhQa-x5hyNpD62iE701Us8Qz1yNfFHTKk6U5W4fq3GhOw-5lrqVBfVGU-NHx6eHDznacZ_TVst6bl-JvXabPzZAqINw?key=6fUVmUM2pprMY6mTb0vHqobt","contentUrl":"https:\/\/lh7-qw.googleusercontent.com\/docsz\/AD_4nXdY_eDqwKuFhr2PXxpzQBgYuwj7NC0WgEKHUAyVCI7uAAAZ_kWD8ufdNYR-KhQa-x5hyNpD62iE701Us8Qz1yNfFHTKk6U5W4fq3GhOw-5lrqVBfVGU-NHx6eHDznacZ_TVst6bl-JvXabPzZAqINw?key=6fUVmUM2pprMY6mTb0vHqobt"},{"@type":"BreadcrumbList","@id":"https:\/\/newwww.paprika-software.com\/es\/factura-electronica\/#breadcrumb","itemListElement":[{"@type":"ListItem","position":1,"name":"Home","item":"https:\/\/newwww.paprika-software.com\/es\/"},{"@type":"ListItem","position":2,"name":"Factura Electro\u0301nica"}]},{"@type":"WebSite","@id":"https:\/\/newwww.paprika-software.com\/es\/#website","url":"https:\/\/newwww.paprika-software.com\/es\/","name":"Paprika","description":"","publisher":{"@id":"https:\/\/newwww.paprika-software.com\/es\/#organization"},"potentialAction":[{"@type":"SearchAction","target":{"@type":"EntryPoint","urlTemplate":"https:\/\/newwww.paprika-software.com\/es\/?s={search_term_string}"},"query-input":{"@type":"PropertyValueSpecification","valueRequired":true,"valueName":"search_term_string"}}],"inLanguage":"es"},{"@type":"Organization","@id":"https:\/\/newwww.paprika-software.com\/es\/#organization","name":"Paprika","url":"https:\/\/newwww.paprika-software.com\/es\/","logo":{"@type":"ImageObject","inLanguage":"es","@id":"https:\/\/newwww.paprika-software.com\/es\/#\/schema\/logo\/image\/","url":"https:\/\/newwww.paprika-software.com\/wp-content\/uploads\/2024\/11\/logo.svg","contentUrl":"https:\/\/newwww.paprika-software.com\/wp-content\/uploads\/2024\/11\/logo.svg","width":149,"height":33,"caption":"Paprika"},"image":{"@id":"https:\/\/newwww.paprika-software.com\/es\/#\/schema\/logo\/image\/"},"sameAs":["https:\/\/x.com\/PaprikaSoftware","https:\/\/www.linkedin.com\/company\/paprika-software\/"]}]}},"_links":{"self":[{"href":"https:\/\/newwww.paprika-software.com\/es\/wp-json\/wp\/v2\/pages\/4656","targetHints":{"allow":["GET"]}}],"collection":[{"href":"https:\/\/newwww.paprika-software.com\/es\/wp-json\/wp\/v2\/pages"}],"about":[{"href":"https:\/\/newwww.paprika-software.com\/es\/wp-json\/wp\/v2\/types\/page"}],"author":[{"embeddable":true,"href":"https:\/\/newwww.paprika-software.com\/es\/wp-json\/wp\/v2\/users\/2"}],"replies":[{"embeddable":true,"href":"https:\/\/newwww.paprika-software.com\/es\/wp-json\/wp\/v2\/comments?post=4656"}],"version-history":[{"count":7,"href":"https:\/\/newwww.paprika-software.com\/es\/wp-json\/wp\/v2\/pages\/4656\/revisions"}],"predecessor-version":[{"id":4665,"href":"https:\/\/newwww.paprika-software.com\/es\/wp-json\/wp\/v2\/pages\/4656\/revisions\/4665"}],"wp:attachment":[{"href":"https:\/\/newwww.paprika-software.com\/es\/wp-json\/wp\/v2\/media?parent=4656"}],"curies":[{"name":"wp","href":"https:\/\/api.w.org\/{rel}","templated":true}]}}