{"id":4647,"date":"2025-03-12T09:54:35","date_gmt":"2025-03-12T09:54:35","guid":{"rendered":"https:\/\/newwww.paprika-software.com\/?page_id=4647"},"modified":"2025-03-13T08:01:48","modified_gmt":"2025-03-13T08:01:48","slug":"kit-digital","status":"publish","type":"page","link":"https:\/\/newwww.paprika-software.com\/es\/kit-digital\/","title":{"rendered":"Kit Digital"},"content":{"rendered":"\n<h2 class=\"wp-block-heading\"><strong>\u00cdndice:<\/strong><\/h2>\n\n\n\n<ol class=\"wp-block-list\">\n<li><strong>\u00bfQu\u00e9 es el Kit Digital?<\/strong><\/li>\n\n\n\n<li><strong>Categor\u00edas digitales<\/strong><\/li>\n\n\n\n<li><strong>Cu\u00e1ndo solicitar el Kit Digital<\/strong><\/li>\n\n\n\n<li><strong>Importe de las ayudas<\/strong><\/li>\n\n\n\n<li><strong>Precios orientativos implantaci\u00f3n ERP Paprika<\/strong><\/li>\n<\/ol>\n\n\n\n<figure class=\"wp-block-image size-large\"><img fetchpriority=\"high\" decoding=\"async\" width=\"1024\" height=\"71\" src=\"https:\/\/newwww.paprika-software.com\/wp-content\/uploads\/2025\/03\/kit-digital-logos-1024x71.png\" alt=\"\" class=\"wp-image-4650\" srcset=\"https:\/\/newwww.paprika-software.com\/wp-content\/uploads\/2025\/03\/kit-digital-logos-1024x71.png 1024w, https:\/\/newwww.paprika-software.com\/wp-content\/uploads\/2025\/03\/kit-digital-logos-300x21.png 300w, https:\/\/newwww.paprika-software.com\/wp-content\/uploads\/2025\/03\/kit-digital-logos-768x53.png 768w, https:\/\/newwww.paprika-software.com\/wp-content\/uploads\/2025\/03\/kit-digital-logos-1536x106.png 1536w, https:\/\/newwww.paprika-software.com\/wp-content\/uploads\/2025\/03\/kit-digital-logos-2048x142.png 2048w\" sizes=\"(max-width: 1024px) 100vw, 1024px\" \/><\/figure>\n\n\n\n<div style=\"height:43px\" aria-hidden=\"true\" class=\"wp-block-spacer\"><\/div>\n\n\n\n<h2 class=\"wp-block-heading\"><strong>1. \u00bfQu\u00e9 es el Kit Digital?<\/strong><\/h2>\n\n\n\n<p>Es un&nbsp;programa de ayudas econ\u00f3micas&nbsp;(iniciativa del Gobierno de Espa\u00f1a)&nbsp;que ha puesto en marcha el Ministerio de Asuntos Econ\u00f3micos y Transformaci\u00f3n Digital para impulsar la digitalizaci\u00f3n de pymes y aut\u00f3nomos.<\/p>\n\n\n\n<p>La&nbsp;financiaci\u00f3n de las ayudas se efect\u00faa con fondos del Plan de Recuperaci\u00f3n, Transformaci\u00f3n y Resiliencia de Espa\u00f1a,&nbsp;financiado&nbsp;por el Plan europeo&nbsp;Next Generation EU.<\/p>\n\n\n\n<p>Si tu negocio forma parte de una&nbsp;peque\u00f1a empresa, microempresa o eres un trabajador aut\u00f3nomo&nbsp;de cualquier sector o tipolog\u00eda de negocio puedes acceder a estas ayudas. Solicita tu&nbsp;bono kit digital&nbsp;e inicia la&nbsp;digitalizaci\u00f3n de tu negocio con la ayuda de un agente digitalizador acreditado.<\/p>\n\n\n\n<div style=\"height:43px\" aria-hidden=\"true\" class=\"wp-block-spacer\"><\/div>\n\n\n\n<h2 class=\"wp-block-heading\"><strong>2. Categor\u00edas digitales en las que Paprika est\u00e1 disponible:<\/strong><\/h2>\n\n\n\n<p><strong>Gesti\u00f3n de procesos &#8211;&nbsp;<\/strong><strong>Ayuda m\u00e1xima 6.000\u20ac, seg\u00fan segmento de n\u00famero de empleados<\/strong><\/p>\n\n\n\n<p>0 &lt; 3 : 500\u20ac (hasta 1 usuario)<br>3 &lt; 9 : 2.000\u20ac (hasta 3 usuarios)<br>10 &lt; 50 : 6.000\u20ac (hasta 10 usuarios)<\/p>\n\n\n\n<p><strong>BI y Anal\u00edtica&nbsp;&#8211; Ayuda m\u00e1xima 4.000\u20ac, seg\u00fan segmento de n\u00famero de empleados<\/strong><\/p>\n\n\n\n<p>0 &lt; 3 : 2.000\u20ac<br>3 &lt; 9 : 2.000\u20ac<br>10 &lt; 50 : 4.000\u20ac<\/p>\n\n\n\n<div style=\"height:43px\" aria-hidden=\"true\" class=\"wp-block-spacer\"><\/div>\n\n\n\n<h2 class=\"wp-block-heading\"><strong>3. \u00bfCu\u00e1ndo se puede solicitar el Kit Digital?<\/strong><\/h2>\n\n\n\n<p>Las empresas de entre 10 y 49 empleados \u2013segmento I\u2013 pueden presentar las solicitudes desde el&nbsp;<strong>15 de marzo&nbsp;<\/strong>de 2022 a las 11\u202fam hasta el&nbsp;<strong>15 de septiembre<\/strong>&nbsp;de 2022 a las 11\u202fam o hasta agotar los fondos iniciales de 500 millones de euros.<\/p>\n\n\n\n<p>Los plazos del resto de segmentos se confirmar\u00e1n pr\u00f3ximamente. Se espera que la solicitud para el segmento III, se apruebe muy pronto.<\/p>\n\n\n\n<div style=\"height:43px\" aria-hidden=\"true\" class=\"wp-block-spacer\"><\/div>\n\n\n\n<h2 class=\"wp-block-heading\"><strong>4. \u00bfCu\u00e1l es el importe de las ayudas?<\/strong><\/h2>\n\n\n\n<p>Las ayudas se conceder\u00e1n por orden de inscripci\u00f3n. El programa&nbsp;<strong>Kit&nbsp;Digital<\/strong>&nbsp;comprende tres tramos para el importe m\u00e1ximo que destinar\u00e1n a cada compa\u00f1\u00eda dependiendo de su tama\u00f1o:<\/p>\n\n\n\n<ol class=\"wp-block-list\">\n<li>&nbsp;El primero dirigido a pymes de entre 10 y menos de 50 trabajadores.<br>Siendo el importe del bono&nbsp;<strong>Kit Digital<\/strong>&nbsp;de hasta&nbsp;<strong>12.000\u20ac<\/strong><\/li>\n\n\n\n<li>El segundo destinado a pymes de entre 3 y menos de 10 empleados.<br>Siendo el importe del bono&nbsp;<strong>Kit Digital<\/strong>&nbsp;en este caso de hasta&nbsp;<strong>6.000\u20ac<\/strong><\/li>\n\n\n\n<li>El tercero para pymes y aut\u00f3nomos de entre 1 y 2 empleados.<br>Siendo el importe del bono&nbsp;<strong>Kit Digital<\/strong>&nbsp;en este \u00faltimo caso de hasta&nbsp;<strong>2.000\u20ac<\/strong><\/li>\n<\/ol>\n\n\n\n<div style=\"height:43px\" aria-hidden=\"true\" class=\"wp-block-spacer\"><\/div>\n\n\n\n<h2 class=\"wp-block-heading\"><strong>5. Precios orientativos implantaci\u00f3n ERP Paprika<\/strong><\/h2>\n\n\n\n<ol class=\"wp-block-list\">\n<li><strong>Gesti\u00f3n de procesos:&nbsp;<\/strong>desde 2.000\u20ac el primer a\u00f1o seg\u00fan el n\u00famero de usuarios, m\u00f3dulos y servicios requeridos por la agencia. <br>A\u00f1os consecutivos desde 100\u20ac al mes en funci\u00f3n del n\u00famero de licencias que la agencia solicite (incluye acceso al servicio de soporte y ayuda al usuario)<\/li>\n\n\n\n<li><strong>BI&nbsp;y Anal\u00edtica<\/strong>:&nbsp;desde 1.000\u20ac el primer a\u00f1o seg\u00fan el n\u00famero de usuarios, m\u00f3dulos y servicios requeridos por la agencia.<br>A\u00f1os consecutivos desde 100\u20ac al mes en funci\u00f3n del n\u00famero de licencias que la agencia solicite (incluye acceso al servicio de soporte y ayuda al usuario).<\/li>\n<\/ol>\n","protected":false},"excerpt":{"rendered":"<p>\u00cdndice: 1. \u00bfQu\u00e9 es el Kit Digital? Es un&nbsp;programa de ayudas econ\u00f3micas&nbsp;(iniciativa del Gobierno de Espa\u00f1a)&nbsp;que ha puesto en marcha el Ministerio de Asuntos Econ\u00f3micos y Transformaci\u00f3n Digital para impulsar la digitalizaci\u00f3n de pymes y aut\u00f3nomos. La&nbsp;financiaci\u00f3n de las ayudas se efect\u00faa con fondos del Plan de Recuperaci\u00f3n, Transformaci\u00f3n y Resiliencia de Espa\u00f1a,&nbsp;financiado&nbsp;por el Plan [&hellip;]<\/p>\n","protected":false},"author":2,"featured_media":0,"parent":0,"menu_order":0,"comment_status":"closed","ping_status":"closed","template":"","meta":{"_acf_changed":false,"footnotes":""},"class_list":["post-4647","page","type-page","status-publish","hentry"],"acf":[],"yoast_head":"<!-- This site is optimized with the Yoast SEO plugin v27.5 - https:\/\/yoast.com\/product\/yoast-seo-wordpress\/ -->\n<title>Kit Digital - Paprika Software<\/title>\n<meta name=\"robots\" content=\"index, follow, max-snippet:-1, max-image-preview:large, max-video-preview:-1\" \/>\n<link rel=\"canonical\" href=\"https:\/\/newwww.paprika-software.com\/es\/kit-digital\/\" \/>\n<meta property=\"og:locale\" content=\"es_ES\" \/>\n<meta property=\"og:type\" content=\"article\" \/>\n<meta property=\"og:title\" content=\"Kit Digital - Paprika Software\" \/>\n<meta property=\"og:description\" content=\"\u00cdndice: 1. \u00bfQu\u00e9 es el Kit Digital? Es un&nbsp;programa de ayudas econ\u00f3micas&nbsp;(iniciativa del Gobierno de Espa\u00f1a)&nbsp;que ha puesto en marcha el Ministerio de Asuntos Econ\u00f3micos y Transformaci\u00f3n Digital para impulsar la digitalizaci\u00f3n de pymes y aut\u00f3nomos. La&nbsp;financiaci\u00f3n de las ayudas se efect\u00faa con fondos del Plan de Recuperaci\u00f3n, Transformaci\u00f3n y Resiliencia de Espa\u00f1a,&nbsp;financiado&nbsp;por el Plan [&hellip;]\" \/>\n<meta property=\"og:url\" content=\"https:\/\/newwww.paprika-software.com\/es\/kit-digital\/\" \/>\n<meta property=\"og:site_name\" content=\"Paprika Software\" \/>\n<meta property=\"article:modified_time\" content=\"2025-03-13T08:01:48+00:00\" \/>\n<meta property=\"og:image\" content=\"https:\/\/newwww.paprika-software.com\/wp-content\/uploads\/2025\/03\/kit-digital-logos.png\" \/>\n\t<meta property=\"og:image:width\" content=\"2560\" \/>\n\t<meta property=\"og:image:height\" content=\"177\" \/>\n\t<meta property=\"og:image:type\" content=\"image\/png\" \/>\n<meta name=\"twitter:card\" content=\"summary_large_image\" \/>\n<meta name=\"twitter:site\" content=\"@PaprikaSoftware\" \/>\n<meta name=\"twitter:label1\" content=\"Tiempo de lectura\" \/>\n\t<meta name=\"twitter:data1\" content=\"3 minutos\" \/>\n<script type=\"application\/ld+json\" class=\"yoast-schema-graph\">{\"@context\":\"https:\\\/\\\/schema.org\",\"@graph\":[{\"@type\":\"WebPage\",\"@id\":\"https:\\\/\\\/newwww.paprika-software.com\\\/es\\\/kit-digital\\\/\",\"url\":\"https:\\\/\\\/newwww.paprika-software.com\\\/es\\\/kit-digital\\\/\",\"name\":\"Kit Digital - Paprika Software\",\"isPartOf\":{\"@id\":\"https:\\\/\\\/newwww.paprika-software.com\\\/es\\\/#website\"},\"primaryImageOfPage\":{\"@id\":\"https:\\\/\\\/newwww.paprika-software.com\\\/es\\\/kit-digital\\\/#primaryimage\"},\"image\":{\"@id\":\"https:\\\/\\\/newwww.paprika-software.com\\\/es\\\/kit-digital\\\/#primaryimage\"},\"thumbnailUrl\":\"https:\\\/\\\/newwww.paprika-software.com\\\/wp-content\\\/uploads\\\/2025\\\/03\\\/kit-digital-logos-1024x71.png\",\"datePublished\":\"2025-03-12T09:54:35+00:00\",\"dateModified\":\"2025-03-13T08:01:48+00:00\",\"breadcrumb\":{\"@id\":\"https:\\\/\\\/newwww.paprika-software.com\\\/es\\\/kit-digital\\\/#breadcrumb\"},\"inLanguage\":\"es\",\"potentialAction\":[{\"@type\":\"ReadAction\",\"target\":[\"https:\\\/\\\/newwww.paprika-software.com\\\/es\\\/kit-digital\\\/\"]}]},{\"@type\":\"ImageObject\",\"inLanguage\":\"es\",\"@id\":\"https:\\\/\\\/newwww.paprika-software.com\\\/es\\\/kit-digital\\\/#primaryimage\",\"url\":\"https:\\\/\\\/newwww.paprika-software.com\\\/wp-content\\\/uploads\\\/2025\\\/03\\\/kit-digital-logos-1024x71.png\",\"contentUrl\":\"https:\\\/\\\/newwww.paprika-software.com\\\/wp-content\\\/uploads\\\/2025\\\/03\\\/kit-digital-logos-1024x71.png\"},{\"@type\":\"BreadcrumbList\",\"@id\":\"https:\\\/\\\/newwww.paprika-software.com\\\/es\\\/kit-digital\\\/#breadcrumb\",\"itemListElement\":[{\"@type\":\"ListItem\",\"position\":1,\"name\":\"Home\",\"item\":\"https:\\\/\\\/newwww.paprika-software.com\\\/es\\\/\"},{\"@type\":\"ListItem\",\"position\":2,\"name\":\"Kit Digital\"}]},{\"@type\":\"WebSite\",\"@id\":\"https:\\\/\\\/newwww.paprika-software.com\\\/es\\\/#website\",\"url\":\"https:\\\/\\\/newwww.paprika-software.com\\\/es\\\/\",\"name\":\"Paprika\",\"description\":\"\",\"publisher\":{\"@id\":\"https:\\\/\\\/newwww.paprika-software.com\\\/es\\\/#organization\"},\"potentialAction\":[{\"@type\":\"SearchAction\",\"target\":{\"@type\":\"EntryPoint\",\"urlTemplate\":\"https:\\\/\\\/newwww.paprika-software.com\\\/es\\\/?s={search_term_string}\"},\"query-input\":{\"@type\":\"PropertyValueSpecification\",\"valueRequired\":true,\"valueName\":\"search_term_string\"}}],\"inLanguage\":\"es\"},{\"@type\":\"Organization\",\"@id\":\"https:\\\/\\\/newwww.paprika-software.com\\\/es\\\/#organization\",\"name\":\"Paprika\",\"url\":\"https:\\\/\\\/newwww.paprika-software.com\\\/es\\\/\",\"logo\":{\"@type\":\"ImageObject\",\"inLanguage\":\"es\",\"@id\":\"https:\\\/\\\/newwww.paprika-software.com\\\/es\\\/#\\\/schema\\\/logo\\\/image\\\/\",\"url\":\"https:\\\/\\\/newwww.paprika-software.com\\\/wp-content\\\/uploads\\\/2024\\\/11\\\/logo.svg\",\"contentUrl\":\"https:\\\/\\\/newwww.paprika-software.com\\\/wp-content\\\/uploads\\\/2024\\\/11\\\/logo.svg\",\"width\":149,\"height\":33,\"caption\":\"Paprika\"},\"image\":{\"@id\":\"https:\\\/\\\/newwww.paprika-software.com\\\/es\\\/#\\\/schema\\\/logo\\\/image\\\/\"},\"sameAs\":[\"https:\\\/\\\/x.com\\\/PaprikaSoftware\",\"https:\\\/\\\/www.linkedin.com\\\/company\\\/paprika-software\\\/\"]}]}<\/script>\n<!-- \/ Yoast SEO plugin. -->","yoast_head_json":{"title":"Kit Digital - Paprika Software","robots":{"index":"index","follow":"follow","max-snippet":"max-snippet:-1","max-image-preview":"max-image-preview:large","max-video-preview":"max-video-preview:-1"},"canonical":"https:\/\/newwww.paprika-software.com\/es\/kit-digital\/","og_locale":"es_ES","og_type":"article","og_title":"Kit Digital - Paprika Software","og_description":"\u00cdndice: 1. \u00bfQu\u00e9 es el Kit Digital? Es un&nbsp;programa de ayudas econ\u00f3micas&nbsp;(iniciativa del Gobierno de Espa\u00f1a)&nbsp;que ha puesto en marcha el Ministerio de Asuntos Econ\u00f3micos y Transformaci\u00f3n Digital para impulsar la digitalizaci\u00f3n de pymes y aut\u00f3nomos. La&nbsp;financiaci\u00f3n de las ayudas se efect\u00faa con fondos del Plan de Recuperaci\u00f3n, Transformaci\u00f3n y Resiliencia de Espa\u00f1a,&nbsp;financiado&nbsp;por el Plan [&hellip;]","og_url":"https:\/\/newwww.paprika-software.com\/es\/kit-digital\/","og_site_name":"Paprika Software","article_modified_time":"2025-03-13T08:01:48+00:00","og_image":[{"width":2560,"height":177,"url":"https:\/\/newwww.paprika-software.com\/wp-content\/uploads\/2025\/03\/kit-digital-logos.png","type":"image\/png"}],"twitter_card":"summary_large_image","twitter_site":"@PaprikaSoftware","twitter_misc":{"Tiempo de lectura":"3 minutos"},"schema":{"@context":"https:\/\/schema.org","@graph":[{"@type":"WebPage","@id":"https:\/\/newwww.paprika-software.com\/es\/kit-digital\/","url":"https:\/\/newwww.paprika-software.com\/es\/kit-digital\/","name":"Kit Digital - Paprika Software","isPartOf":{"@id":"https:\/\/newwww.paprika-software.com\/es\/#website"},"primaryImageOfPage":{"@id":"https:\/\/newwww.paprika-software.com\/es\/kit-digital\/#primaryimage"},"image":{"@id":"https:\/\/newwww.paprika-software.com\/es\/kit-digital\/#primaryimage"},"thumbnailUrl":"https:\/\/newwww.paprika-software.com\/wp-content\/uploads\/2025\/03\/kit-digital-logos-1024x71.png","datePublished":"2025-03-12T09:54:35+00:00","dateModified":"2025-03-13T08:01:48+00:00","breadcrumb":{"@id":"https:\/\/newwww.paprika-software.com\/es\/kit-digital\/#breadcrumb"},"inLanguage":"es","potentialAction":[{"@type":"ReadAction","target":["https:\/\/newwww.paprika-software.com\/es\/kit-digital\/"]}]},{"@type":"ImageObject","inLanguage":"es","@id":"https:\/\/newwww.paprika-software.com\/es\/kit-digital\/#primaryimage","url":"https:\/\/newwww.paprika-software.com\/wp-content\/uploads\/2025\/03\/kit-digital-logos-1024x71.png","contentUrl":"https:\/\/newwww.paprika-software.com\/wp-content\/uploads\/2025\/03\/kit-digital-logos-1024x71.png"},{"@type":"BreadcrumbList","@id":"https:\/\/newwww.paprika-software.com\/es\/kit-digital\/#breadcrumb","itemListElement":[{"@type":"ListItem","position":1,"name":"Home","item":"https:\/\/newwww.paprika-software.com\/es\/"},{"@type":"ListItem","position":2,"name":"Kit Digital"}]},{"@type":"WebSite","@id":"https:\/\/newwww.paprika-software.com\/es\/#website","url":"https:\/\/newwww.paprika-software.com\/es\/","name":"Paprika","description":"","publisher":{"@id":"https:\/\/newwww.paprika-software.com\/es\/#organization"},"potentialAction":[{"@type":"SearchAction","target":{"@type":"EntryPoint","urlTemplate":"https:\/\/newwww.paprika-software.com\/es\/?s={search_term_string}"},"query-input":{"@type":"PropertyValueSpecification","valueRequired":true,"valueName":"search_term_string"}}],"inLanguage":"es"},{"@type":"Organization","@id":"https:\/\/newwww.paprika-software.com\/es\/#organization","name":"Paprika","url":"https:\/\/newwww.paprika-software.com\/es\/","logo":{"@type":"ImageObject","inLanguage":"es","@id":"https:\/\/newwww.paprika-software.com\/es\/#\/schema\/logo\/image\/","url":"https:\/\/newwww.paprika-software.com\/wp-content\/uploads\/2024\/11\/logo.svg","contentUrl":"https:\/\/newwww.paprika-software.com\/wp-content\/uploads\/2024\/11\/logo.svg","width":149,"height":33,"caption":"Paprika"},"image":{"@id":"https:\/\/newwww.paprika-software.com\/es\/#\/schema\/logo\/image\/"},"sameAs":["https:\/\/x.com\/PaprikaSoftware","https:\/\/www.linkedin.com\/company\/paprika-software\/"]}]}},"_links":{"self":[{"href":"https:\/\/newwww.paprika-software.com\/es\/wp-json\/wp\/v2\/pages\/4647","targetHints":{"allow":["GET"]}}],"collection":[{"href":"https:\/\/newwww.paprika-software.com\/es\/wp-json\/wp\/v2\/pages"}],"about":[{"href":"https:\/\/newwww.paprika-software.com\/es\/wp-json\/wp\/v2\/types\/page"}],"author":[{"embeddable":true,"href":"https:\/\/newwww.paprika-software.com\/es\/wp-json\/wp\/v2\/users\/2"}],"replies":[{"embeddable":true,"href":"https:\/\/newwww.paprika-software.com\/es\/wp-json\/wp\/v2\/comments?post=4647"}],"version-history":[{"count":3,"href":"https:\/\/newwww.paprika-software.com\/es\/wp-json\/wp\/v2\/pages\/4647\/revisions"}],"predecessor-version":[{"id":4902,"href":"https:\/\/newwww.paprika-software.com\/es\/wp-json\/wp\/v2\/pages\/4647\/revisions\/4902"}],"wp:attachment":[{"href":"https:\/\/newwww.paprika-software.com\/es\/wp-json\/wp\/v2\/media?parent=4647"}],"curies":[{"name":"wp","href":"https:\/\/api.w.org\/{rel}","templated":true}]}}